{"id":178,"date":"2021-01-07T09:04:55","date_gmt":"2021-01-07T09:04:55","guid":{"rendered":"http:\/\/bmofficerdc.com\/?page_id=178"},"modified":"2024-06-29T13:19:47","modified_gmt":"2024-06-29T13:19:47","slug":"contact","status":"publish","type":"page","link":"https:\/\/bmofficerdc.com\/en\/contact\/","title":{"rendered":"Contact"},"content":{"rendered":"<div data-elementor-type=\"wp-page\" data-elementor-id=\"178\" class=\"elementor elementor-178\" data-elementor-settings=\"[]\">\n\t\t\t\t\t\t<div class=\"elementor-inner\">\n\t\t\t\t\t\t\t<div class=\"elementor-section-wrap\">\n\t\t\t\t\t\t\t<section class=\"elementor-section elementor-top-section elementor-element elementor-element-9e07f39 elementor-section-boxed elementor-section-height-default elementor-section-height-default exad-sticky-section-no\" data-id=\"9e07f39\" data-element_type=\"section\" data-settings=\"{&quot;background_background&quot;:&quot;classic&quot;}\">\n\t\t\t\t\t\t\t<div class=\"elementor-background-overlay\"><\/div>\n\t\t\t\t\t\t\t<div class=\"elementor-container elementor-column-gap-default\">\n\t\t\t\t\t\t\t<div class=\"elementor-row\">\n\t\t\t\t\t<div class=\"elementor-column elementor-col-100 elementor-top-column elementor-element elementor-element-5d25e34 exad-sticky-section-no\" data-id=\"5d25e34\" data-element_type=\"column\">\n\t\t\t<div class=\"elementor-column-wrap elementor-element-populated\">\n\t\t\t\t\t\t\t<div class=\"elementor-widget-wrap\">\n\t\t\t\t\t\t<div class=\"elementor-element elementor-element-5a08393 exad-sticky-section-no elementor-widget elementor-widget-heading\" data-id=\"5a08393\" data-element_type=\"widget\" data-widget_type=\"heading.default\">\n\t\t\t\t<div class=\"elementor-widget-container\">\n\t\t\t<h2 class=\"elementor-heading-title elementor-size-default\">Contact us<\/h2>\t\t<\/div>\n\t\t\t\t<\/div>\n\t\t\t\t\t\t<\/div>\n\t\t\t\t\t<\/div>\n\t\t<\/div>\n\t\t\t\t\t\t\t\t<\/div>\n\t\t\t\t\t<\/div>\n\t\t<\/section>\n\t\t\t\t<section class=\"elementor-section elementor-top-section elementor-element elementor-element-0905856 elementor-section-boxed elementor-section-height-default elementor-section-height-default exad-sticky-section-no\" data-id=\"0905856\" data-element_type=\"section\">\n\t\t\t\t\t\t<div class=\"elementor-container elementor-column-gap-default\">\n\t\t\t\t\t\t\t<div class=\"elementor-row\">\n\t\t\t\t\t<div class=\"elementor-column elementor-col-33 elementor-top-column elementor-element elementor-element-8fad961 exad-sticky-section-no\" data-id=\"8fad961\" data-element_type=\"column\">\n\t\t\t<div class=\"elementor-column-wrap elementor-element-populated\">\n\t\t\t\t\t\t\t<div class=\"elementor-widget-wrap\">\n\t\t\t\t\t\t<div class=\"elementor-element elementor-element-2f0c17f elementor-position-top elementor-vertical-align-top exad-sticky-section-no elementor-widget elementor-widget-image-box\" data-id=\"2f0c17f\" data-element_type=\"widget\" data-widget_type=\"image-box.default\">\n\t\t\t\t<div class=\"elementor-widget-container\">\n\t\t\t<div class=\"elementor-image-box-wrapper\"><figure class=\"elementor-image-box-img\"><img width=\"81\" height=\"81\" src=\"https:\/\/bmofficerdc.com\/wp-content\/uploads\/2021\/01\/adress-1.png\" class=\"attachment-full size-full\" alt=\"\" loading=\"lazy\" \/><\/figure><div class=\"elementor-image-box-content\"><h4 class=\"elementor-image-box-title\">Adresse<\/h4><p class=\"elementor-image-box-description\">02, AV. Lokelenge, Kinshasa, Ngaliema\n\n<\/p><\/div><\/div>\t\t<\/div>\n\t\t\t\t<\/div>\n\t\t\t\t\t\t<\/div>\n\t\t\t\t\t<\/div>\n\t\t<\/div>\n\t\t\t\t<div class=\"elementor-column elementor-col-33 elementor-top-column elementor-element elementor-element-07bd439 exad-sticky-section-no\" data-id=\"07bd439\" data-element_type=\"column\">\n\t\t\t<div class=\"elementor-column-wrap elementor-element-populated\">\n\t\t\t\t\t\t\t<div class=\"elementor-widget-wrap\">\n\t\t\t\t\t\t<div class=\"elementor-element elementor-element-9d09e15 elementor-position-top elementor-vertical-align-top exad-sticky-section-no elementor-widget elementor-widget-image-box\" data-id=\"9d09e15\" data-element_type=\"widget\" data-widget_type=\"image-box.default\">\n\t\t\t\t<div class=\"elementor-widget-container\">\n\t\t\t<div class=\"elementor-image-box-wrapper\"><figure class=\"elementor-image-box-img\"><img width=\"81\" height=\"81\" src=\"https:\/\/bmofficerdc.com\/wp-content\/uploads\/2021\/01\/call.png\" class=\"attachment-full size-full\" alt=\"\" loading=\"lazy\" \/><\/figure><div class=\"elementor-image-box-content\"><h4 class=\"elementor-image-box-title\">GSM<\/h4><p class=\"elementor-image-box-description\">+243971307752 <\/p><\/div><\/div>\t\t<\/div>\n\t\t\t\t<\/div>\n\t\t\t\t\t\t<\/div>\n\t\t\t\t\t<\/div>\n\t\t<\/div>\n\t\t\t\t<div class=\"elementor-column elementor-col-33 elementor-top-column elementor-element elementor-element-6489ecf exad-sticky-section-no\" data-id=\"6489ecf\" data-element_type=\"column\">\n\t\t\t<div class=\"elementor-column-wrap elementor-element-populated\">\n\t\t\t\t\t\t\t<div class=\"elementor-widget-wrap\">\n\t\t\t\t\t\t<div class=\"elementor-element elementor-element-f9e6a17 elementor-position-top elementor-vertical-align-top exad-sticky-section-no elementor-widget elementor-widget-image-box\" data-id=\"f9e6a17\" data-element_type=\"widget\" data-widget_type=\"image-box.default\">\n\t\t\t\t<div class=\"elementor-widget-container\">\n\t\t\t<div class=\"elementor-image-box-wrapper\"><figure class=\"elementor-image-box-img\"><img width=\"81\" height=\"81\" src=\"https:\/\/bmofficerdc.com\/wp-content\/uploads\/2021\/01\/mail.png\" class=\"attachment-full size-full\" alt=\"\" loading=\"lazy\" \/><\/figure><div class=\"elementor-image-box-content\"><h4 class=\"elementor-image-box-title\">Mail<\/h4><p class=\"elementor-image-box-description\">mugangubaguma@bmofficerdc.com<\/p><\/div><\/div>\t\t<\/div>\n\t\t\t\t<\/div>\n\t\t\t\t\t\t<\/div>\n\t\t\t\t\t<\/div>\n\t\t<\/div>\n\t\t\t\t\t\t\t\t<\/div>\n\t\t\t\t\t<\/div>\n\t\t<\/section>\n\t\t\t\t<section class=\"elementor-section elementor-top-section elementor-element elementor-element-f4dd3a4 elementor-section-boxed elementor-section-height-default elementor-section-height-default exad-sticky-section-no\" data-id=\"f4dd3a4\" data-element_type=\"section\">\n\t\t\t\t\t\t<div class=\"elementor-container elementor-column-gap-default\">\n\t\t\t\t\t\t\t<div class=\"elementor-row\">\n\t\t\t\t\t<div class=\"elementor-column elementor-col-50 elementor-top-column elementor-element elementor-element-5334324 exad-sticky-section-no\" data-id=\"5334324\" data-element_type=\"column\">\n\t\t\t<div class=\"elementor-column-wrap elementor-element-populated\">\n\t\t\t\t\t\t\t<div class=\"elementor-widget-wrap\">\n\t\t\t\t\t\t<div class=\"elementor-element elementor-element-6d9c8e4 exad-sticky-section-no elementor-widget elementor-widget-heading\" data-id=\"6d9c8e4\" data-element_type=\"widget\" data-widget_type=\"heading.default\">\n\t\t\t\t<div class=\"elementor-widget-container\">\n\t\t\t<h2 class=\"elementor-heading-title elementor-size-default\">Contact us<\/h2>\t\t<\/div>\n\t\t\t\t<\/div>\n\t\t\t\t<div class=\"elementor-element elementor-element-928d0f5 exad-sticky-section-no elementor-widget elementor-widget-text-editor\" data-id=\"928d0f5\" data-element_type=\"widget\" data-widget_type=\"text-editor.default\">\n\t\t\t\t<div class=\"elementor-widget-container\">\n\t\t\t\t\t<div class=\"elementor-text-editor elementor-clearfix\"><p>Do not hesitate to contact us for any further information about our services. Thank you for filling in the form opposite. Our team will answer you as soon as possible.<\/p><\/div>\n\t\t\t\t<\/div>\n\t\t\t\t<\/div>\n\t\t\t\t<div class=\"elementor-element elementor-element-d7df125 exad-sticky-section-no elementor-widget elementor-widget-heading\" data-id=\"d7df125\" data-element_type=\"widget\" data-widget_type=\"heading.default\">\n\t\t\t\t<div class=\"elementor-widget-container\">\n\t\t\t<h2 class=\"elementor-heading-title elementor-size-default\">Service hours:\n<\/h2>\t\t<\/div>\n\t\t\t\t<\/div>\n\t\t\t\t<div class=\"elementor-element elementor-element-77abb86 exad-sticky-section-no elementor-widget elementor-widget-heading\" data-id=\"77abb86\" data-element_type=\"widget\" data-widget_type=\"heading.default\">\n\t\t\t\t<div class=\"elementor-widget-container\">\n\t\t\t<h5 class=\"elementor-heading-title elementor-size-default\">Mon-Fri: 08h-17h\n<\/h5>\t\t<\/div>\n\t\t\t\t<\/div>\n\t\t\t\t<div class=\"elementor-element elementor-element-db5522f exad-sticky-section-no elementor-widget elementor-widget-heading\" data-id=\"db5522f\" data-element_type=\"widget\" data-widget_type=\"heading.default\">\n\t\t\t\t<div class=\"elementor-widget-container\">\n\t\t\t<h5 class=\"elementor-heading-title elementor-size-default\">Sat: 8am-12pm\n<\/h5>\t\t<\/div>\n\t\t\t\t<\/div>\n\t\t\t\t<div class=\"elementor-element elementor-element-2453c11 exad-sticky-section-no elementor-widget elementor-widget-heading\" data-id=\"2453c11\" data-element_type=\"widget\" data-widget_type=\"heading.default\">\n\t\t\t\t<div class=\"elementor-widget-container\">\n\t\t\t<h5 class=\"elementor-heading-title elementor-size-default\">Sun: Closed\n<\/h5>\t\t<\/div>\n\t\t\t\t<\/div>\n\t\t\t\t<div class=\"elementor-element elementor-element-e7aeaa3 exad-sticky-section-no elementor-widget elementor-widget-heading\" data-id=\"e7aeaa3\" data-element_type=\"widget\" data-widget_type=\"heading.default\">\n\t\t\t\t<div class=\"elementor-widget-container\">\n\t\t\t<h2 class=\"elementor-heading-title elementor-size-default\">Social networks<\/h2>\t\t<\/div>\n\t\t\t\t<\/div>\n\t\t\t\t<div class=\"elementor-element elementor-element-346adde exad-sticky-section-no elementor-widget elementor-widget-heading\" data-id=\"346adde\" data-element_type=\"widget\" data-widget_type=\"heading.default\">\n\t\t\t\t<div class=\"elementor-widget-container\">\n\t\t\t<h5 class=\"elementor-heading-title elementor-size-default\"><a href=\"https:\/\/web.facebook.com\/bmoffice2021\">Facebook<\/a><\/h5>\t\t<\/div>\n\t\t\t\t<\/div>\n\t\t\t\t<div class=\"elementor-element elementor-element-92e2688 exad-sticky-section-no elementor-widget elementor-widget-heading\" data-id=\"92e2688\" data-element_type=\"widget\" data-widget_type=\"heading.default\">\n\t\t\t\t<div class=\"elementor-widget-container\">\n\t\t\t<h5 class=\"elementor-heading-title elementor-size-default\"><a href=\"https:\/\/www.instagram.com\/bmofficerdc1\/\">Instagram\n<\/a><\/h5>\t\t<\/div>\n\t\t\t\t<\/div>\n\t\t\t\t<div class=\"elementor-element elementor-element-40d549c exad-sticky-section-no elementor-widget elementor-widget-heading\" data-id=\"40d549c\" data-element_type=\"widget\" data-widget_type=\"heading.default\">\n\t\t\t\t<div class=\"elementor-widget-container\">\n\t\t\t<h5 class=\"elementor-heading-title elementor-size-default\"><a href=\"https:\/\/www.youtube.com\/@bmofficerdc\">YouTube\n<\/a><\/h5>\t\t<\/div>\n\t\t\t\t<\/div>\n\t\t\t\t<div class=\"elementor-element elementor-element-798d695 exad-sticky-section-no elementor-widget elementor-widget-heading\" data-id=\"798d695\" data-element_type=\"widget\" data-widget_type=\"heading.default\">\n\t\t\t\t<div class=\"elementor-widget-container\">\n\t\t\t<h5 class=\"elementor-heading-title elementor-size-default\"><a href=\"https:\/\/x.com\/home?lang=fr\">Tweters\n<\/a><\/h5>\t\t<\/div>\n\t\t\t\t<\/div>\n\t\t\t\t\t\t<\/div>\n\t\t\t\t\t<\/div>\n\t\t<\/div>\n\t\t\t\t<div class=\"elementor-column elementor-col-50 elementor-top-column elementor-element elementor-element-6f4e3f1 exad-sticky-section-no\" data-id=\"6f4e3f1\" data-element_type=\"column\">\n\t\t\t<div class=\"elementor-column-wrap elementor-element-populated\">\n\t\t\t\t\t\t\t<div class=\"elementor-widget-wrap\">\n\t\t\t\t\t\t<div class=\"elementor-element elementor-element-e73c95b eael-wpforms-labels-yes eael-wpforms-form-button-custom exad-sticky-section-no elementor-widget elementor-widget-eael-wpforms\" data-id=\"e73c95b\" data-element_type=\"widget\" data-widget_type=\"eael-wpforms.default\">\n\t\t\t\t<div class=\"elementor-widget-container\">\n\t\t\t            <div class=\"eael-contact-form eael-wpforms eael-contact-form-align-default\">\n                                <div class=\"wpforms-container wpforms-container-full\" id=\"wpforms-511\"><form id=\"wpforms-form-511\" class=\"wpforms-validate wpforms-form\" data-formid=\"511\" method=\"post\" enctype=\"multipart\/form-data\" action=\"\/en\/wp-json\/wp\/v2\/pages\/178\" data-token=\"ce87fa6bf6ee42b0d0c1457ecef59a45\" data-trp-original-action=\"\/en\/wp-json\/wp\/v2\/pages\/178\"><div class=\"wpforms-head-container\"><div class=\"wpforms-title\">YOUR DETAILS<\/div><\/div><noscript class=\"wpforms-error-noscript\">Please enable JavaScript in your browser to complete this form.<\/noscript><div class=\"wpforms-field-container\"><div id=\"wpforms-511-field_0-container\" class=\"wpforms-field wpforms-field-name\" data-field-id=\"0\"><label class=\"wpforms-field-label\" for=\"wpforms-511-field_0\">Name <span class=\"wpforms-required-label\">*<\/span><\/label><input type=\"text\" id=\"wpforms-511-field_0\" class=\"wpforms-field-medium wpforms-field-required\" name=\"wpforms[fields][0]\" required><\/div><div id=\"wpforms-511-field_3-container\" class=\"wpforms-field wpforms-field-number\" data-field-id=\"3\"><label class=\"wpforms-field-label\" for=\"wpforms-511-field_3\">Phone<\/label><input type=\"number\" pattern=\"\\d*\" id=\"wpforms-511-field_3\" class=\"wpforms-field-medium\" name=\"wpforms[fields][3]\" ><\/div><div id=\"wpforms-511-field_5-container\" class=\"wpforms-field wpforms-field-select wpforms-field-select-style-classic\" data-field-id=\"5\"><label class=\"wpforms-field-label\" for=\"wpforms-511-field_5\">Your request concerns<\/label><select id=\"wpforms-511-field_5\" class=\"wpforms-field-medium\" name=\"wpforms[fields][5]\"><option value=\"ARCHITECTURE\" >ARCHITECTURE<\/option><option value=\"ENGINERING\" >ENGINERING<\/option><option value=\" EXPERTISE IMMOBILIERE\" > REAL ESTATE EXPERTISE<\/option><option value=\"ETUDE DE FAISABILITE\" >FEASIBILITY STUDY<\/option><option value=\"ORDONANCEMENT PILOTAGE ET COORDINATION\" >SCHEDULING STEERING AND COORDINATION<\/option><option value=\"SUIVI TECHNIQUE ET SYNDIC DES BATIMENTS\" >TECHNICAL MONITORING AND MANAGEMENT OF THE BUILDINGS<\/option><\/select><\/div><div id=\"wpforms-511-field_1-container\" class=\"wpforms-field wpforms-field-email\" data-field-id=\"1\"><label class=\"wpforms-field-label\" for=\"wpforms-511-field_1\">Email <span class=\"wpforms-required-label\">*<\/span><\/label><input type=\"email\" id=\"wpforms-511-field_1\" class=\"wpforms-field-medium wpforms-field-required\" name=\"wpforms[fields][1]\" required><\/div><div id=\"wpforms-511-field_2-container\" class=\"wpforms-field wpforms-field-textarea\" data-field-id=\"2\"><label class=\"wpforms-field-label\" for=\"wpforms-511-field_2\">Your message <span class=\"wpforms-required-label\">*<\/span><\/label><textarea id=\"wpforms-511-field_2\" class=\"wpforms-field-medium wpforms-field-required\" name=\"wpforms[fields][2]\" required><\/textarea><\/div><\/div><div class=\"wpforms-submit-container\" ><input type=\"hidden\" name=\"wpforms[id]\" value=\"511\"><input type=\"hidden\" name=\"wpforms[author]\" value=\"1\"><button type=\"submit\" name=\"wpforms[submit]\" class=\"wpforms-submit\" id=\"wpforms-submit-511\" value=\"wpforms-submit\" aria-live=\"assertive\" data-alt-text=\"Envoi en cours.....\" data-submit-text=\"Message envoy\u00e9\">Sent message<\/button><\/div><input type=\"hidden\" name=\"trp-form-language\" value=\"en\"\/><\/form><\/div>  <!-- .wpforms-container -->            <\/div>\n\t\t<\/div>\n\t\t\t\t<\/div>\n\t\t\t\t\t\t<\/div>\n\t\t\t\t\t<\/div>\n\t\t<\/div>\n\t\t\t\t\t\t\t\t<\/div>\n\t\t\t\t\t<\/div>\n\t\t<\/section>\n\t\t\t\t<section class=\"elementor-section elementor-top-section elementor-element elementor-element-d581970 elementor-section-full_width elementor-section-stretched elementor-section-height-default elementor-section-height-default exad-sticky-section-no\" data-id=\"d581970\" data-element_type=\"section\" data-settings=\"{&quot;stretch_section&quot;:&quot;section-stretched&quot;}\">\n\t\t\t\t\t\t<div class=\"elementor-container elementor-column-gap-no\">\n\t\t\t\t\t\t\t<div class=\"elementor-row\">\n\t\t\t\t\t<div class=\"elementor-column elementor-col-100 elementor-top-column elementor-element elementor-element-9449e14 exad-sticky-section-no\" data-id=\"9449e14\" data-element_type=\"column\">\n\t\t\t<div class=\"elementor-column-wrap elementor-element-populated\">\n\t\t\t\t\t\t\t<div class=\"elementor-widget-wrap\">\n\t\t\t\t\t\t<div class=\"elementor-element elementor-element-cebeb31 exad-sticky-section-no elementor-widget elementor-widget-google_maps\" data-id=\"cebeb31\" data-element_type=\"widget\" data-widget_type=\"google_maps.default\">\n\t\t\t\t<div class=\"elementor-widget-container\">\n\t\t\t<div class=\"elementor-custom-embed\"><iframe frameborder=\"0\" scrolling=\"no\" marginheight=\"0\" marginwidth=\"0\" src=\"https:\/\/maps.google.com\/maps?q=02%20Rue%20De%20Lokelenge%2C%20Kinshasa&amp;t=m&amp;z=15&amp;output=embed&amp;iwloc=near\" title=\"02 Rue De Lokelenge, Kinshasa\" aria-label=\"02 Rue De Lokelenge, Kinshasa\"><\/iframe><\/div>\t\t<\/div>\n\t\t\t\t<\/div>\n\t\t\t\t\t\t<\/div>\n\t\t\t\t\t<\/div>\n\t\t<\/div>\n\t\t\t\t\t\t\t\t<\/div>\n\t\t\t\t\t<\/div>\n\t\t<\/section>\n\t\t\t\t\t\t<\/div>\n\t\t\t\t\t\t<\/div>\n\t\t\t\t\t<\/div>","protected":false},"excerpt":{"rendered":"<p>Contactez-nous Adresse 02, AV. Lokelenge, Kinshasa, Ngaliema GSM +243971307752 Mail mugangubaguma@bmofficerdc.com Contactez-nous N\u2019h\u00e9sitez pas \u00e0 nous contacter pour toute information compl\u00e9mentaire sur nos services. Merci de bien vouloir remplir le formulaire ci-contre. Notre \u00e9quipe s\u2019engage \u00e0 vous r\u00e9pondre dans les plus brefs d\u00e9lais. Heures de service: Lun-Ven: 08h-17h Sam: 8h-12h Dim: Ferm\u00e9 R\u00e9seaux sociaux Facebook &hellip;<\/p>\n<p class=\"read-more\"> <a class=\"\" href=\"https:\/\/bmofficerdc.com\/en\/contact\/\"> <span class=\"screen-reader-text\">Contact<\/span> Read More &raquo;<\/a><\/p>","protected":false},"author":1,"featured_media":0,"parent":0,"menu_order":0,"comment_status":"closed","ping_status":"closed","template":"","meta":[],"yoast_head":"<!-- This site is optimized with the Yoast SEO plugin v15.8 - https:\/\/yoast.com\/wordpress\/plugins\/seo\/ -->\n<title>Contact | OFFICE<\/title>\n<meta name=\"robots\" content=\"index, follow, max-snippet:-1, max-image-preview:large, max-video-preview:-1\" \/>\n<link rel=\"canonical\" href=\"https:\/\/bmofficerdc.com\/en\/contact\/\" \/>\n<meta property=\"og:locale\" content=\"en_GB\" \/>\n<meta property=\"og:type\" content=\"article\" \/>\n<meta property=\"og:title\" content=\"Contact | OFFICE\" \/>\n<meta property=\"og:description\" content=\"Contactez-nous Adresse 02, AV. Lokelenge, Kinshasa, Ngaliema GSM +243971307752 Mail mugangubaguma@bmofficerdc.com Contactez-nous N\u2019h\u00e9sitez pas \u00e0 nous contacter pour toute information compl\u00e9mentaire sur nos services. Merci de bien vouloir remplir le formulaire ci-contre. Notre \u00e9quipe s\u2019engage \u00e0 vous r\u00e9pondre dans les plus brefs d\u00e9lais. Heures de service: Lun-Ven: 08h-17h Sam: 8h-12h Dim: Ferm\u00e9 R\u00e9seaux sociaux Facebook &hellip; Contact Read More &raquo;\" \/>\n<meta property=\"og:url\" content=\"https:\/\/bmofficerdc.com\/en\/contact\/\" \/>\n<meta property=\"og:site_name\" content=\"OFFICE\" \/>\n<meta property=\"article:modified_time\" content=\"2024-06-29T13:19:47+00:00\" \/>\n<meta property=\"og:image\" content=\"https:\/\/bmofficerdc.com\/wp-content\/uploads\/2021\/01\/adress-1.png\" \/>\n<meta name=\"twitter:card\" content=\"summary_large_image\" \/>\n<script type=\"application\/ld+json\" class=\"yoast-schema-graph\">{\"@context\":\"https:\/\/schema.org\",\"@graph\":[{\"@type\":\"Organization\",\"@id\":\"https:\/\/bmofficerdc.com\/#organization\",\"name\":\"BM OFFICE\",\"url\":\"https:\/\/bmofficerdc.com\/\",\"sameAs\":[],\"logo\":{\"@type\":\"ImageObject\",\"@id\":\"https:\/\/bmofficerdc.com\/#logo\",\"inLanguage\":\"en-GB\",\"url\":\"https:\/\/bmofficerdc.com\/wp-content\/uploads\/2021\/01\/logo4.png\",\"width\":115,\"height\":52,\"caption\":\"BM OFFICE\"},\"image\":{\"@id\":\"https:\/\/bmofficerdc.com\/#logo\"}},{\"@type\":\"WebSite\",\"@id\":\"https:\/\/bmofficerdc.com\/#website\",\"url\":\"https:\/\/bmofficerdc.com\/\",\"name\":\"OFFICE\",\"description\":\"\",\"publisher\":{\"@id\":\"https:\/\/bmofficerdc.com\/#organization\"},\"potentialAction\":[{\"@type\":\"SearchAction\",\"target\":\"https:\/\/bmofficerdc.com\/?s={search_term_string}\",\"query-input\":\"required name=search_term_string\"}],\"inLanguage\":\"en-GB\"},{\"@type\":\"ImageObject\",\"@id\":\"https:\/\/bmofficerdc.com\/contact\/#primaryimage\",\"inLanguage\":\"en-GB\",\"url\":\"https:\/\/bmofficerdc.com\/wp-content\/uploads\/2021\/01\/adress-1.png\",\"width\":81,\"height\":81},{\"@type\":\"WebPage\",\"@id\":\"https:\/\/bmofficerdc.com\/contact\/#webpage\",\"url\":\"https:\/\/bmofficerdc.com\/contact\/\",\"name\":\"Contact | OFFICE\",\"isPartOf\":{\"@id\":\"https:\/\/bmofficerdc.com\/#website\"},\"primaryImageOfPage\":{\"@id\":\"https:\/\/bmofficerdc.com\/contact\/#primaryimage\"},\"datePublished\":\"2021-01-07T09:04:55+00:00\",\"dateModified\":\"2024-06-29T13:19:47+00:00\",\"breadcrumb\":{\"@id\":\"https:\/\/bmofficerdc.com\/contact\/#breadcrumb\"},\"inLanguage\":\"en-GB\",\"potentialAction\":[{\"@type\":\"ReadAction\",\"target\":[\"https:\/\/bmofficerdc.com\/contact\/\"]}]},{\"@type\":\"BreadcrumbList\",\"@id\":\"https:\/\/bmofficerdc.com\/contact\/#breadcrumb\",\"itemListElement\":[{\"@type\":\"ListItem\",\"position\":1,\"item\":{\"@type\":\"WebPage\",\"@id\":\"https:\/\/bmofficerdc.com\/\",\"url\":\"https:\/\/bmofficerdc.com\/\",\"name\":\"Accueil\"}},{\"@type\":\"ListItem\",\"position\":2,\"item\":{\"@type\":\"WebPage\",\"@id\":\"https:\/\/bmofficerdc.com\/contact\/\",\"url\":\"https:\/\/bmofficerdc.com\/contact\/\",\"name\":\"Contact\"}}]}]}<\/script>\n<!-- \/ Yoast SEO plugin. -->","_links":{"self":[{"href":"https:\/\/bmofficerdc.com\/en\/wp-json\/wp\/v2\/pages\/178"}],"collection":[{"href":"https:\/\/bmofficerdc.com\/en\/wp-json\/wp\/v2\/pages"}],"about":[{"href":"https:\/\/bmofficerdc.com\/en\/wp-json\/wp\/v2\/types\/page"}],"author":[{"embeddable":true,"href":"https:\/\/bmofficerdc.com\/en\/wp-json\/wp\/v2\/users\/1"}],"replies":[{"embeddable":true,"href":"https:\/\/bmofficerdc.com\/en\/wp-json\/wp\/v2\/comments?post=178"}],"version-history":[{"count":76,"href":"https:\/\/bmofficerdc.com\/en\/wp-json\/wp\/v2\/pages\/178\/revisions"}],"predecessor-version":[{"id":2830,"href":"https:\/\/bmofficerdc.com\/en\/wp-json\/wp\/v2\/pages\/178\/revisions\/2830"}],"wp:attachment":[{"href":"https:\/\/bmofficerdc.com\/en\/wp-json\/wp\/v2\/media?parent=178"}],"curies":[{"name":"wp","href":"https:\/\/api.w.org\/{rel}","templated":true}]}}